{"id":2712,"date":"2019-09-03T15:37:58","date_gmt":"2019-09-03T13:37:58","guid":{"rendered":"https:\/\/www.europa.szczecin.pl\/bony-podarunkowe\/"},"modified":"2024-10-14T09:41:54","modified_gmt":"2024-10-14T07:41:54","slug":"gift-vouchers","status":"publish","type":"page","link":"https:\/\/www.europa.szczecin.pl\/en\/gift-vouchers\/","title":{"rendered":"Gift Vouchers"},"content":{"rendered":"<p>[vc_row css=&#8221;.vc_custom_1567600894501{padding-bottom: 0px !important;}&#8221;][vc_column]\n\t\t<div class=\"row  mb64 mb-xs-40\">\n\t\t    <div class=\"col-sm-12 text-center\">\n\t\t        <div class=\"ribbon\">\n\t\t            <h6 class=\"uppercase mb0\">Gift Vouchers<\/h6>\n\t\t        <\/div>\n\t\t    <\/div>\n\t\t<\/div>\n\t[\/vc_column][\/vc_row][vc_row css=&#8221;.vc_custom_1567600919986{padding-top: 20px !important;}&#8221;][vc_column width=&#8221;1\/4&#8243;][\/vc_column][vc_column width=&#8221;1\/2&#8243;][vc_column_text]Are you looking for a perfect gift? Not sure what to buy?<\/p>\n<h3>Choose the Radisson Blu hotel gift voucher!<\/h3>\n<p>Let the person gifted make the best choice. Give them an elegant gift suited for every occasion.<\/p>\n<h3>What is a gift voucher?<\/h3>\n<p>A gift voucher is an excellent idea for a gift, which enables the gifted person to make a choice.<br \/>\nIt will be perfect for birthdays, holidays and family celebrations or as and elegant present for your coworkers or clients.<\/p>\n<h3>Get to know the kinds of our gift vouchers:<\/h3>\n<ul>\n<li>Voucher for food services with face value of\u00a0 200 z\u0142, 300 z\u0142 \u2013 entitling to benefit from services provided by hotel premises: Renaissance Restaurant, Europa Restaurant &amp; Caf\u00e9, Copernicus Cub, Lobby Bar, Muffinek Confectionary.<\/li>\n<li>Voucher for residence services with face value of 300 z\u0142, 500 z\u0142, 700 z\u0142 \u2013 entitling to benefit from stay services in the hotel and other services affiliated with the accommodation service provided by the hotel, in the following places: Renaissance Restaurant, Europa Restaurant &amp; Caf\u00e9, Copernicus Club, Lobby Bar, Muffinek Confectionary, Caf\u00e9 22, Baltica Wellness &amp; Spa and laundry point.<\/li>\n<\/ul>\n<h3>Where to purchase the voucher?<\/h3>\n<p>You can acquire the voucher for residence services at the front desk on the ground floor of the hotel or by placing an order by e-mail: reservations.szczecin@radissonblu.com.<\/p>\n<p>ou can acquire the food services voucher directly at the Renaissance Restaurant, Europa Restaurant &amp; Caf\u00e9, the Muffinek Confectionary on the ground floor or by placing an order by e-mail: konferencje.szczecin@radissonblu.com.<\/p>\n<p>In case of placing an order by e-mail, any necessary details regarding payment, way of issuing the voucher will be forwarded via mail. An order, for which payment is to be made by bank transfer, is placed only by mail with order specification.<\/p>\n<p>Read the terms and conditions of the sale of gift vouchers:<br \/>\n<a href=\"https:\/\/www.europa.szczecin.pl\/wp-content\/uploads\/2022\/08\/WARUNKI-SPRZEDAZY-I-REALIZACJI-BONOW-PODARUNKOWYCH-RADISSON.pdf\">RADISSON-BLU-SZCZECIN-WARUNKI-SPRZEDA\u017bY-I-REALIZACJI-BON\u00d3W-PODARUNKOWYCH<\/a>[\/vc_column_text][\/vc_column][vc_column width=&#8221;1\/4&#8243;][\/vc_column][\/vc_row]<\/p>\n","protected":false},"excerpt":{"rendered":"<p>[vc_row css=&#8221;.vc_custom_1567600894501{padding-bottom: 0px !important;}&#8221;][vc_column][\/vc_column][\/vc_row][vc_row css=&#8221;.vc_custom_1567600919986{padding-top: 20px !important;}&#8221;][vc_column width=&#8221;1\/4&#8243;][\/vc_column][vc_column width=&#8221;1\/2&#8243;][vc_column_text]Are you looking for a perfect gift? Not sure what to buy? Choose the Radisson Blu hotel gift voucher! Let the person gifted make the best choice. Give them an elegant gift suited for every occasion. What is a gift voucher? A gift voucher is an excellent [&hellip;]<\/p>\n","protected":false},"author":1,"featured_media":0,"parent":0,"menu_order":0,"comment_status":"closed","ping_status":"closed","template":"","meta":{"_monsterinsights_skip_tracking":false,"_monsterinsights_sitenote_active":false,"_monsterinsights_sitenote_note":"","_monsterinsights_sitenote_category":0,"footnotes":""},"class_list":["post-2712","page","type-page","status-publish","hentry"],"publishpress_future_action":{"enabled":false,"date":"2026-05-09 11:21:13","action":"change-status","newStatus":"draft","terms":[],"taxonomy":"translation_priority","extraData":[]},"publishpress_future_workflow_manual_trigger":{"enabledWorkflows":[]},"_links":{"self":[{"href":"https:\/\/www.europa.szczecin.pl\/en\/wp-json\/wp\/v2\/pages\/2712","targetHints":{"allow":["GET"]}}],"collection":[{"href":"https:\/\/www.europa.szczecin.pl\/en\/wp-json\/wp\/v2\/pages"}],"about":[{"href":"https:\/\/www.europa.szczecin.pl\/en\/wp-json\/wp\/v2\/types\/page"}],"author":[{"embeddable":true,"href":"https:\/\/www.europa.szczecin.pl\/en\/wp-json\/wp\/v2\/users\/1"}],"replies":[{"embeddable":true,"href":"https:\/\/www.europa.szczecin.pl\/en\/wp-json\/wp\/v2\/comments?post=2712"}],"version-history":[{"count":9,"href":"https:\/\/www.europa.szczecin.pl\/en\/wp-json\/wp\/v2\/pages\/2712\/revisions"}],"predecessor-version":[{"id":3341,"href":"https:\/\/www.europa.szczecin.pl\/en\/wp-json\/wp\/v2\/pages\/2712\/revisions\/3341"}],"wp:attachment":[{"href":"https:\/\/www.europa.szczecin.pl\/en\/wp-json\/wp\/v2\/media?parent=2712"}],"curies":[{"name":"wp","href":"https:\/\/api.w.org\/{rel}","templated":true}]}}