{"id":3977,"date":"2026-04-15T14:01:40","date_gmt":"2026-04-15T12:01:40","guid":{"rendered":"https:\/\/www.europa.szczecin.pl\/fruehlingsmenue-der-saison\/"},"modified":"2026-04-15T14:37:07","modified_gmt":"2026-04-15T12:37:07","slug":"fruehlingsmenue-der-saison","status":"publish","type":"page","link":"https:\/\/www.europa.szczecin.pl\/de\/fruehlingsmenue-der-saison\/","title":{"rendered":"Fr\u00fchlingsmen\u00fc der Saison"},"content":{"rendered":"<p>[vc_row css=&#8220;.vc_custom_1569231051576{padding-bottom: 0px !important;}&#8220;][vc_column css=&#8220;.vc_custom_1567517492197{padding-bottom: 0px !important;}&#8220;]\n\t\t<div class=\"row  mb64 mb-xs-40\">\n\t\t    <div class=\"col-sm-12 text-center\">\n\t\t        <div class=\"ribbon\">\n\t\t            <h6 class=\"uppercase mb0\">Fr\u00fchlingsmen\u00fc der Saison<\/h6>\n\t\t        <\/div>\n\t\t    <\/div>\n\t\t<\/div>\n\t[\/vc_column][\/vc_row][vc_row css=&#8220;.vc_custom_1569233183545{padding-top: 20px !important;padding-bottom: 0px !important;}&#8220;][vc_column width=&#8220;1\/4&#8243;][\/vc_column][vc_column width=&#8220;1\/2&#8243; css=&#8220;.vc_custom_1713860538325{margin-bottom: -40px !important;padding-bottom: 0px !important;}&#8220;][vc_column_text css=&#8220;.vc_custom_1776256602273{padding-top: 0px !important;padding-bottom: 0px !important;}&#8220;]<strong>SALATE <\/strong><\/p>\n<p>Salat mit mariniertem Ente, gr\u00fcnem Spargel, Erdbeeren<br \/>\nund Cashewkernen, mit Himbeer-Balsamico-Dressing<br \/>\n<strong>59 z\u0142<\/strong><\/p>\n<p>Salat mit ger\u00e4uchertem Lachs, jungen Kartoffeln, Spargel und Ei 63\u00b0C,<br \/>\nmit Honig-Senf-Vinaigrette<br \/>\n<strong>62 z\u0142<\/strong><\/p>\n<p><strong>Suppen<br \/>\n<\/strong><br \/>\nSpargelcremesuppe mit Schnittlauch\u00f6l, ger\u00f6steten Sonnenblumenkernen<br \/>\nund Sprossen<br \/>\n<strong>39 z\u0142<\/strong><\/p>\n<p><strong>HAUPTGERICHTE<br \/>\n<\/strong><br \/>\nSpargel-Duo mit jungen Kartoffeln, pochiertem Ei und Sauce Hollandaise<br \/>\n<strong>49 z\u0142<\/strong><\/p>\n<p>Gegrilltes Schweine-Tomahawk mit Spargel und Bratkartoffeln<br \/>\nmit Zwiebeln<br \/>\n<strong>99 z\u0142<\/strong><\/p>\n<p>Spaghetti mit Spargel in Grana Padano Sauce, mit ger\u00f6steten Pistazien<br \/>\n<strong>62 z\u0142<\/strong><\/p>\n<p><strong>DESSERTE<br \/>\n<\/strong><br \/>\nVanille-Panna-Cotta mit Erdbeeren, Minze und Mandel-Crumble<br \/>\n<strong>32 z\u0142<\/strong><\/p>\n<p>Rhabarber- und Erdbeer-Crumble<br \/>\n<strong>32 z\u0142<\/strong>[\/vc_column_text][\/vc_column][vc_column width=&#8220;1\/4&#8243;][\/vc_column][\/vc_row][vc_row css=&#8220;.vc_custom_1776255740844{margin-top: 40px !important;margin-bottom: -40px !important;padding-top: 0px !important;padding-bottom: 0px !important;}&#8220;][vc_column width=&#8220;1\/4&#8243;][\/vc_column][vc_column width=&#8220;1\/2&#8243; css=&#8220;.vc_custom_1569233149141{padding-bottom: 0px !important;}&#8220;][vc_separator][vc_column_text css=&#8220;.vc_custom_1776254795403{padding-top: 0px !important;padding-bottom: 0px !important;}&#8220;]Das Angebot gilt bis Ende Juni![\/vc_column_text][vc_separator][\/vc_column][vc_column width=&#8220;1\/4&#8243;][\/vc_column][\/vc_row][vc_row][vc_column width=&#8220;1\/4&#8243;][\/vc_column][vc_column width=&#8220;1\/2&#8243; css=&#8220;.vc_custom_1713860473647{margin-top: -60px !important;border-top-width: -20px !important;}&#8220;][vc_message color=&#8220;info&#8220; css_animation=&#8220;bounceIn&#8220;]Reservierung: +48 91 359 51 90<br \/>\nrezerwacje@europa.szczecin.pl[\/vc_message][\/vc_column][vc_column width=&#8220;1\/4&#8243;][\/vc_column][\/vc_row]<\/p>\n","protected":false},"excerpt":{"rendered":"<p>[vc_row css=&#8220;.vc_custom_1569231051576{padding-bottom: 0px !important;}&#8220;][vc_column css=&#8220;.vc_custom_1567517492197{padding-bottom: 0px !important;}&#8220;][\/vc_column][\/vc_row][vc_row css=&#8220;.vc_custom_1569233183545{padding-top: 20px !important;padding-bottom: 0px !important;}&#8220;][vc_column width=&#8220;1\/4&#8243;][\/vc_column][vc_column width=&#8220;1\/2&#8243; css=&#8220;.vc_custom_1713860538325{margin-bottom: -40px !important;padding-bottom: 0px !important;}&#8220;][vc_column_text css=&#8220;.vc_custom_1776256602273{padding-top: 0px !important;padding-bottom: 0px !important;}&#8220;]SALATE Salat mit mariniertem Ente, gr\u00fcnem Spargel, Erdbeeren und Cashewkernen, mit Himbeer-Balsamico-Dressing 59 z\u0142 Salat mit ger\u00e4uchertem Lachs, jungen Kartoffeln, Spargel und Ei 63\u00b0C, mit Honig-Senf-Vinaigrette 62 z\u0142 Suppen Spargelcremesuppe mit Schnittlauch\u00f6l, [&hellip;]<\/p>\n","protected":false},"author":1,"featured_media":0,"parent":0,"menu_order":0,"comment_status":"closed","ping_status":"closed","template":"","meta":{"_monsterinsights_skip_tracking":false,"_monsterinsights_sitenote_active":false,"_monsterinsights_sitenote_note":"","_monsterinsights_sitenote_category":0,"footnotes":""},"class_list":["post-3977","page","type-page","status-publish","hentry"],"publishpress_future_action":{"enabled":false,"date":"2026-04-25 06:25:32","action":"change-status","newStatus":"draft","terms":[],"taxonomy":"translation_priority","extraData":[]},"publishpress_future_workflow_manual_trigger":{"enabledWorkflows":[]},"_links":{"self":[{"href":"https:\/\/www.europa.szczecin.pl\/de\/wp-json\/wp\/v2\/pages\/3977","targetHints":{"allow":["GET"]}}],"collection":[{"href":"https:\/\/www.europa.szczecin.pl\/de\/wp-json\/wp\/v2\/pages"}],"about":[{"href":"https:\/\/www.europa.szczecin.pl\/de\/wp-json\/wp\/v2\/types\/page"}],"author":[{"embeddable":true,"href":"https:\/\/www.europa.szczecin.pl\/de\/wp-json\/wp\/v2\/users\/1"}],"replies":[{"embeddable":true,"href":"https:\/\/www.europa.szczecin.pl\/de\/wp-json\/wp\/v2\/comments?post=3977"}],"version-history":[{"count":4,"href":"https:\/\/www.europa.szczecin.pl\/de\/wp-json\/wp\/v2\/pages\/3977\/revisions"}],"predecessor-version":[{"id":3981,"href":"https:\/\/www.europa.szczecin.pl\/de\/wp-json\/wp\/v2\/pages\/3977\/revisions\/3981"}],"wp:attachment":[{"href":"https:\/\/www.europa.szczecin.pl\/de\/wp-json\/wp\/v2\/media?parent=3977"}],"curies":[{"name":"wp","href":"https:\/\/api.w.org\/{rel}","templated":true}]}}